{"id":553,"date":"2018-03-28T12:46:45","date_gmt":"2018-03-28T10:46:45","guid":{"rendered":"https:\/\/www.lacamper.cat\/?page_id=553"},"modified":"2023-05-02T19:00:08","modified_gmt":"2023-05-02T17:00:08","slug":"inicio","status":"publish","type":"page","link":"https:\/\/www.lacamper.cat\/es\/","title":{"rendered":"INICIO"},"content":{"rendered":"<section class=\"wpb-content-wrapper\"><p>[vc_row css_animation=\u00bb\u00bb row_type=\u00bbrow\u00bb use_row_as_full_screen_section=\u00bbno\u00bb type=\u00bbfull_width\u00bb angled_section=\u00bbno\u00bb text_align=\u00bbleft\u00bb background_image_as_pattern=\u00bbwithout_pattern\u00bb z_index=\u00bb\u00bb css=\u00bb.vc_custom_1683046835747{padding-right: 2% !important;padding-left: 2% !important;}\u00bb][vc_column][vc_single_image image=\u00bb218&#8243; img_size=\u00bbfull\u00bb alignment=\u00bbcenter\u00bb qode_css_animation=\u00bb\u00bb][\/vc_column][\/vc_row][vc_row css_animation=\u00bb\u00bb row_type=\u00bbrow\u00bb use_row_as_full_screen_section=\u00bbno\u00bb type=\u00bbgrid\u00bb angled_section=\u00bbno\u00bb text_align=\u00bbleft\u00bb background_image_as_pattern=\u00bbwithout_pattern\u00bb z_index=\u00bb\u00bb padding_top=\u00bb50&#8243; padding_bottom=\u00bb50&#8243; anchor=\u00bbinici\u00bb][vc_column width=\u00bb3\/4&#8243; css=\u00bb.vc_custom_1679310201326{padding-left: 5% !important;}\u00bb][vc_column_text]<\/p>\n<h1>ALQUILA UNA FURGONETA CAMPER EQUIPADA PARA IR DE VACACIONES<\/h1>\n<p>[\/vc_column_text][vc_empty_space height=\u00bb25px\u00bb][vc_column_text]Viajar en familia, en pareja, con amigos,&#8230; con quien quieras pero haci\u00e9ndolo con toda la libertad de escoger d\u00f3nde detenerse para disfrutar al m\u00e1ximo del trayecto. Con La Camper esto es posible y contando, adem\u00e1s, con todas las comodidades, como si estuvieras en casa. Alquila una furgoneta camper completamente camperizada y disfruta de unas vacaciones distintas.[\/vc_column_text][vc_empty_space height=\u00bb50px\u00bb]<a  itemprop=\"url\" href=\"\/es\/alquila-una-furgoneta-camper\/\" target=\"_self\" data-hover-background-color='#71659f' data-hover-border-color='#71659f' data-hover-color='#ffffff' class=\"qbutton  large default\" style=\"\">ALQUILA TU FURGONETA CAMPER<\/a>[vc_empty_space height=\u00bb25px\u00bb][\/vc_column][vc_column width=\u00bb1\/4&#8243; css=\u00bb.vc_custom_1679310207075{padding-right: 5% !important;}\u00bb][vc_single_image image=\u00bb229&#8243; img_size=\u00bbfull\u00bb qode_css_animation=\u00bb\u00bb][\/vc_column][\/vc_row][vc_row css_animation=\u00bb\u00bb row_type=\u00bbrow\u00bb use_row_as_full_screen_section=\u00bbno\u00bb type=\u00bbgrid\u00bb angled_section=\u00bbno\u00bb text_align=\u00bbleft\u00bb background_image_as_pattern=\u00bbwithout_pattern\u00bb z_index=\u00bb\u00bb padding_top=\u00bb25&#8243; padding_bottom=\u00bb75&#8243;][vc_column width=\u00bb1\/2&#8243;][vc_row_inner row_type=\u00bbrow\u00bb type=\u00bbfull_width\u00bb text_align=\u00bbleft\u00bb css_animation=\u00bb\u00bb][vc_column_inner width=\u00bb1\/2&#8243;][vc_single_image image=\u00bb252&#8243; img_size=\u00bb400&#215;820&#8243; qode_css_animation=\u00bb\u00bb][vc_empty_space height=\u00bb20&#8243;][\/vc_column_inner][vc_column_inner width=\u00bb1\/2&#8243;][vc_single_image image=\u00bb255&#8243; img_size=\u00bb400&#215;375&#8243; qode_css_animation=\u00bb\u00bb][vc_empty_space height=\u00bb20&#8243;][vc_single_image image=\u00bb256&#8243; img_size=\u00bbfull\u00bb qode_css_animation=\u00bb\u00bb][vc_empty_space height=\u00bb20&#8243;][\/vc_column_inner][\/vc_row_inner][\/vc_column][vc_column width=\u00bb1\/2&#8243;][vc_single_image image=\u00bb248&#8243; img_size=\u00bb800&#215;360&#8243; qode_css_animation=\u00bb\u00bb][vc_empty_space height=\u00bb20&#8243;][vc_row_inner row_type=\u00bbrow\u00bb type=\u00bbfull_width\u00bb text_align=\u00bbleft\u00bb css_animation=\u00bb\u00bb][vc_column_inner width=\u00bb1\/2&#8243;][vc_single_image image=\u00bb257&#8243; img_size=\u00bbfull\u00bb qode_css_animation=\u00bb\u00bb][vc_empty_space height=\u00bb20&#8243;][\/vc_column_inner][vc_column_inner width=\u00bb1\/2&#8243;][vc_single_image image=\u00bb258&#8243; img_size=\u00bbfull\u00bb qode_css_animation=\u00bb\u00bb][\/vc_column_inner][\/vc_row_inner][\/vc_column][\/vc_row]<\/p>\n<\/section>","protected":false},"excerpt":{"rendered":"<p>[vc_row css_animation=\u00bb\u00bb row_type=\u00bbrow\u00bb use_row_as_full_screen_section=\u00bbno\u00bb type=\u00bbfull_width\u00bb angled_section=\u00bbno\u00bb text_align=\u00bbleft\u00bb background_image_as_pattern=\u00bbwithout_pattern\u00bb z_index=\u00bb\u00bb css=\u00bb.vc_custom_1683046835747{padding-right: 2% !important;padding-left: 2% !important;}\u00bb][vc_column][vc_single_image image=\u00bb218&#8243; img_size=\u00bbfull\u00bb alignment=\u00bbcenter\u00bb qode_css_animation=\u00bb\u00bb][\/vc_column][\/vc_row][vc_row css_animation=\u00bb\u00bb row_type=\u00bbrow\u00bb use_row_as_full_screen_section=\u00bbno\u00bb type=\u00bbgrid\u00bb angled_section=\u00bbno\u00bb text_align=\u00bbleft\u00bb background_image_as_pattern=\u00bbwithout_pattern\u00bb z_index=\u00bb\u00bb padding_top=\u00bb50&#8243; padding_bottom=\u00bb50&#8243; anchor=\u00bbinici\u00bb][vc_column width=\u00bb3\/4&#8243; css=\u00bb.vc_custom_1679310201326{padding-left: 5% !important;}\u00bb][vc_column_text] ALQUILA UNA FURGONETA CAMPER EQUIPADA PARA IR DE VACACIONES [\/vc_column_text][vc_empty_space height=\u00bb25px\u00bb][vc_column_text]Viajar en&hellip; <a class=\"continue\" href=\"https:\/\/www.lacamper.cat\/es\/\">CONTINUAR >><span> INICIO<\/span><\/a><\/p>\n","protected":false},"author":1,"featured_media":0,"parent":0,"menu_order":0,"comment_status":"closed","ping_status":"closed","template":"full_width.php","meta":{"footnotes":""},"class_list":["post-553","page","type-page","status-publish","hentry"],"_links":{"self":[{"href":"https:\/\/www.lacamper.cat\/es\/wp-json\/wp\/v2\/pages\/553","targetHints":{"allow":["GET"]}}],"collection":[{"href":"https:\/\/www.lacamper.cat\/es\/wp-json\/wp\/v2\/pages"}],"about":[{"href":"https:\/\/www.lacamper.cat\/es\/wp-json\/wp\/v2\/types\/page"}],"author":[{"embeddable":true,"href":"https:\/\/www.lacamper.cat\/es\/wp-json\/wp\/v2\/users\/1"}],"replies":[{"embeddable":true,"href":"https:\/\/www.lacamper.cat\/es\/wp-json\/wp\/v2\/comments?post=553"}],"version-history":[{"count":4,"href":"https:\/\/www.lacamper.cat\/es\/wp-json\/wp\/v2\/pages\/553\/revisions"}],"predecessor-version":[{"id":699,"href":"https:\/\/www.lacamper.cat\/es\/wp-json\/wp\/v2\/pages\/553\/revisions\/699"}],"wp:attachment":[{"href":"https:\/\/www.lacamper.cat\/es\/wp-json\/wp\/v2\/media?parent=553"}],"curies":[{"name":"wp","href":"https:\/\/api.w.org\/{rel}","templated":true}]}}