{"id":555,"date":"2018-03-30T11:29:24","date_gmt":"2018-03-30T09:29:24","guid":{"rendered":"https:\/\/www.lacamper.cat\/?page_id=555"},"modified":"2023-05-03T15:45:34","modified_gmt":"2023-05-03T13:45:34","slug":"alquiler-furgonetas-camper-precios","status":"publish","type":"page","link":"https:\/\/www.lacamper.cat\/es\/alquiler-furgonetas-camper-precios\/","title":{"rendered":"CAMPERS Y PRECIOS"},"content":{"rendered":"<div class=\"wpb-content-wrapper\"><p>[vc_row css_animation=\u00bb\u00bb row_type=\u00bbrow\u00bb use_row_as_full_screen_section=\u00bbno\u00bb type=\u00bbfull_width\u00bb angled_section=\u00bbno\u00bb text_align=\u00bbleft\u00bb background_image_as_pattern=\u00bbwithout_pattern\u00bb z_index=\u00bb\u00bb css=\u00bb.vc_custom_1683121562766{padding-right: 2% !important;padding-left: 2% !important;}\u00bb][vc_column][vc_single_image image=\u00bb684&#8243; img_size=\u00bbfull\u00bb alignment=\u00bbcenter\u00bb qode_css_animation=\u00bb\u00bb][\/vc_column][\/vc_row][vc_row css_animation=\u00bb\u00bb row_type=\u00bbrow\u00bb use_row_as_full_screen_section=\u00bbno\u00bb type=\u00bbgrid\u00bb angled_section=\u00bbno\u00bb text_align=\u00bbleft\u00bb background_image_as_pattern=\u00bbwithout_pattern\u00bb z_index=\u00bb\u00bb padding_bottom=\u00bb75&#8243;][vc_column][vc_column_text]<\/p>\n<p style=\"text-align: right;\"><a href=\"\/es\/\">INICIO<\/a> &gt; CAMPERS Y PRECIOS<\/p>\n<p>[\/vc_column_text][\/vc_column][\/vc_row][vc_row css_animation=\u00bb\u00bb row_type=\u00bbrow\u00bb use_row_as_full_screen_section=\u00bbno\u00bb type=\u00bbgrid\u00bb angled_section=\u00bbno\u00bb text_align=\u00bbleft\u00bb background_image_as_pattern=\u00bbwithout_pattern\u00bb z_index=\u00bb\u00bb anchor=\u00bbinici\u00bb][vc_column][vc_column_text]<\/p>\n<h1>CAMPERS Y PRECIOS<\/h1>\n<p>[\/vc_column_text][vc_empty_space height=\u00bb15&#8243;][vc_column_text]<strong>\u00c9stos son los precios de alquiler de una furgoneta camper para 4 personas, as\u00ed como sus caracter\u00edsticas y equipamiento.<\/strong>[\/vc_column_text][\/vc_column][\/vc_row][vc_row css_animation=\u00bb\u00bb row_type=\u00bbrow\u00bb use_row_as_full_screen_section=\u00bbno\u00bb type=\u00bbgrid\u00bb angled_section=\u00bbno\u00bb text_align=\u00bbleft\u00bb background_image_as_pattern=\u00bbwithout_pattern\u00bb z_index=\u00bb\u00bb padding_top=\u00bb75&#8243; padding_bottom=\u00bb75&#8243;][vc_column width=\u00bb2\/3&#8243; css=\u00bb.vc_custom_1678473244056{padding-right: 5% !important;}\u00bb][vc_column_text]<\/p>\n<h2>CARACTER\u00cdSTICAS:<br \/>\nCAMPER 4 PERSONAS<\/h2>\n<p>La furgoneta de La Camper cuenta con espacio para cuatro personas para viajar y dormir. Dispone de cocina con nevera y congelador y ba\u00f1o qu\u00edmico con ducha con agua caliente.[\/vc_column_text][vc_empty_space height=\u00bb25px\u00bb][vc_single_image image=\u00bb218&#8243; img_size=\u00bbfull\u00bb qode_css_animation=\u00bb\u00bb][vc_empty_space height=\u00bb50px\u00bb]<div class='q_icon_with_title small normal_icon left_from_title '><div class=\"icon_text_holder\" style=\"\"><div class=\"icon_text_inner\" style=\"\"><div class=\"icon_title_holder\"><div class=\"icon_holder \" style=\" \"><span data-icon-type=\"normal\" class=\"qode_iwt_icon_holder q_font_awsome_icon fa-2x  \"><i class=\"qode_icon_font_awesome fa fa-car qode_iwt_icon_element\" style=\"color: #45797d\"><\/i><\/span><\/div><h3 class=\"icon_title\" style=\"\">MOTOR<\/h3><\/div><p style='color: #000000'>Citro\u00ebn 6,3 2,2 140HP 33L<\/p><\/div><\/div><\/div>[vc_separator type=\u00bbnormal\u00bb color=\u00bb#45797d\u00bb thickness=\u00bb1&#8243; up=\u00bb25&#8243; down=\u00bb25&#8243;]<div class='q_icon_with_title small normal_icon left_from_title '><div class=\"icon_text_holder\" style=\"\"><div class=\"icon_text_inner\" style=\"\"><div class=\"icon_title_holder\"><div class=\"icon_holder \" style=\" \"><span data-icon-type=\"normal\" class=\"qode_iwt_icon_holder q_font_awsome_icon fa-2x  \"><i class=\"qode_icon_font_awesome fa fa-bed qode_iwt_icon_element\" style=\"color: #45797d\"><\/i><\/span><\/div><h3 class=\"icon_title\" style=\"\">DISTRIBUCI\u00d3N<\/h3><\/div><p style='color: #000000'>Capacidad para dormir y viajar a 4 personas. Dos literas con las siguientes dimensiones: 196cm x 150 cm la cama de abajo y 173 cm x 143 cm la cama de arriba que soporta un peso de 150kg.<\/p><\/div><\/div><\/div>[vc_separator type=\u00bbnormal\u00bb color=\u00bb#45797d\u00bb thickness=\u00bb1&#8243; up=\u00bb25&#8243; down=\u00bb25&#8243;]<div class='q_icon_with_title small normal_icon left_from_title '><div class=\"icon_text_holder\" style=\"\"><div class=\"icon_text_inner\" style=\"\"><div class=\"icon_title_holder\"><div class=\"icon_holder \" style=\" \"><span data-icon-type=\"normal\" class=\"qode_iwt_icon_holder q_font_awsome_icon fa-2x  \"><i class=\"qode_icon_font_awesome fa fa-thermometer-half qode_iwt_icon_element\" style=\"color: #45797d\"><\/i><\/span><\/div><h3 class=\"icon_title\" style=\"\">EQUIPAMIENTO INTERIOR<\/h3><\/div><p style='color: #000000'>La cocina est\u00e1 a gas, con agua caliente y nevera de 138 litros con congelador. El ba\u00f1o tiene wc qu\u00edmico y ducha de agua caliente. El veh\u00edculo cuenta con mucho espacio para almacenamiento. Calefacci\u00f3n y agua caliente con panel de control (Truma Diesel).<\/p><\/div><\/div><\/div>[vc_separator type=\u00bbnormal\u00bb color=\u00bb#45797d\u00bb thickness=\u00bb1&#8243; up=\u00bb25&#8243; down=\u00bb25&#8243;]<div class='q_icon_with_title small normal_icon left_from_title '><div class=\"icon_text_holder\" style=\"\"><div class=\"icon_text_inner\" style=\"\"><div class=\"icon_title_holder\"><div class=\"icon_holder \" style=\" \"><span data-icon-type=\"normal\" class=\"qode_iwt_icon_holder q_font_awsome_icon fa-2x  \"><i class=\"qode_icon_font_awesome fa fa-bicycle qode_iwt_icon_element\" style=\"color: #45797d\"><\/i><\/span><\/div><h3 class=\"icon_title\" style=\"\">EXTRAS<\/h3><\/div><p style='color: #000000'>Para los amantes del ciclismo, posibilidad de portabicicletas.<\/p><\/div><\/div><\/div>[vc_empty_space height=\u00bb50&#8243;][\/vc_column][vc_column width=\u00bb1\/3&#8243; css=\u00bb.vc_custom_1678473251797{padding-left: 5% !important;}\u00bb][vc_column_text]<\/p>\n<h2>PRECIOS:<br \/>\nSEG\u00daN TEMPORADA<\/h2>\n<p>&nbsp;<\/p>\n<p>\u00c9stos son nuestros precios de alquiler de la camper, que cambian dependiendo la temporada. La duraci\u00f3n m\u00ednima tambi\u00e9n depende seg\u00fan la temporada en la que se quiera alquilar.[\/vc_column_text][vc_empty_space height=\u00bb50px\u00bb][vc_column_text]<\/p>\n<h3>TEMPORADA BAJA<\/h3>\n<p>[vc_separator type=\u00bbsmall\u00bb position=\u00bbleft\u00bb up=\u00bb15&#8243; down=\u00bb15&#8243; color=\u00bbb5cd39&#8243; transparency=\u00bb1&#8243; thickness=\u00bb2&#8243;]<\/p>\n<p><strong>95\u20ac<\/strong>\/d\u00eda (m\u00ednimo 3 d\u00edas)[\/vc_column_text][vc_separator type=\u00bbnormal\u00bb color=\u00bb#45797d\u00bb thickness=\u00bb1&#8243; up=\u00bb25&#8243; down=\u00bb25&#8243;][vc_column_text]<\/p>\n<h3>TEMPORADA MEDIA<\/h3>\n<p>[vc_separator type=\u00bbsmall\u00bb position=\u00bbleft\u00bb up=\u00bb15&#8243; down=\u00bb15&#8243; color=\u00bbb5cd39&#8243; transparency=\u00bb1&#8243; thickness=\u00bb2&#8243;]<\/p>\n<p>Abril, mayo, puentes y Navidad<\/p>\n<p><strong>135\u20ac<\/strong>\/d\u00eda (m\u00ednimo 4 d\u00edas)[\/vc_column_text][vc_separator type=\u00bbnormal\u00bb color=\u00bb#45797d\u00bb thickness=\u00bb1&#8243; up=\u00bb25&#8243; down=\u00bb25&#8243;][vc_column_text]<\/p>\n<h3>TEMPORADA ALTA<\/h3>\n<p>[vc_separator type=\u00bbsmall\u00bb position=\u00bbleft\u00bb up=\u00bb15&#8243; down=\u00bb15&#8243; color=\u00bbb5cd39&#8243; transparency=\u00bb1&#8243; thickness=\u00bb2&#8243;]<\/p>\n<p>Junio, julio, septiembre y Semana Santa<\/p>\n<p><strong>160\u20ac<\/strong>\/d\u00eda (m\u00ednimo 7 d\u00edas)[\/vc_column_text][vc_separator type=\u00bbnormal\u00bb color=\u00bb#45797d\u00bb thickness=\u00bb1&#8243; up=\u00bb25&#8243; down=\u00bb25&#8243;][vc_column_text]<\/p>\n<h3>TEMPORADA EXTRA<\/h3>\n<p>[vc_separator type=\u00bbsmall\u00bb position=\u00bbleft\u00bb up=\u00bb15&#8243; down=\u00bb15&#8243; color=\u00bbb5cd39&#8243; transparency=\u00bb1&#8243; thickness=\u00bb2&#8243;]<\/p>\n<p>Agosto<\/p>\n<p><strong>170\u20ac<\/strong>\/d\u00eda (m\u00ednimo 7 d\u00edas)[\/vc_column_text][vc_separator type=\u00bbnormal\u00bb color=\u00bb#45797d\u00bb thickness=\u00bb1&#8243; up=\u00bb25&#8243; down=\u00bb25&#8243;][vc_empty_space height=\u00bb50px\u00bb][vc_column_text]No lo dudes y alquila tu furgoneta camper para vacaciones o para una escapada. \u00a1Todo en pocos clics![\/vc_column_text][vc_empty_space height=\u00bb50px\u00bb]<a  itemprop=\"url\" href=\"\/es\/alquila-una-furgoneta-camper\/\" target=\"_self\"  class=\"qbutton  large default\" style=\"\">ALQUILAR UNA CAMPER<\/a>[\/vc_column][\/vc_row]<\/p>\n<\/div>","protected":false},"excerpt":{"rendered":"<p>[vc_row css_animation=\u00bb\u00bb row_type=\u00bbrow\u00bb use_row_as_full_screen_section=\u00bbno\u00bb type=\u00bbfull_width\u00bb angled_section=\u00bbno\u00bb text_align=\u00bbleft\u00bb background_image_as_pattern=\u00bbwithout_pattern\u00bb z_index=\u00bb\u00bb css=\u00bb.vc_custom_1683121562766{padding-right: 2% !important;padding-left: 2% !important;}\u00bb][vc_column][vc_single_image image=\u00bb684&#8243; img_size=\u00bbfull\u00bb alignment=\u00bbcenter\u00bb qode_css_animation=\u00bb\u00bb][\/vc_column][\/vc_row][vc_row css_animation=\u00bb\u00bb row_type=\u00bbrow\u00bb use_row_as_full_screen_section=\u00bbno\u00bb type=\u00bbgrid\u00bb angled_section=\u00bbno\u00bb text_align=\u00bbleft\u00bb background_image_as_pattern=\u00bbwithout_pattern\u00bb z_index=\u00bb\u00bb padding_bottom=\u00bb75&#8243;][vc_column][vc_column_text] INICIO &gt; CAMPERS Y PRECIOS [\/vc_column_text][\/vc_column][\/vc_row][vc_row css_animation=\u00bb\u00bb row_type=\u00bbrow\u00bb use_row_as_full_screen_section=\u00bbno\u00bb type=\u00bbgrid\u00bb angled_section=\u00bbno\u00bb text_align=\u00bbleft\u00bb background_image_as_pattern=\u00bbwithout_pattern\u00bb z_index=\u00bb\u00bb anchor=\u00bbinici\u00bb][vc_column][vc_column_text] CAMPERS Y PRECIOS&hellip; <a class=\"continue\" href=\"https:\/\/www.lacamper.cat\/es\/alquiler-furgonetas-camper-precios\/\">CONTINUAR >><span> CAMPERS Y PRECIOS<\/span><\/a><\/p>\n","protected":false},"author":1,"featured_media":0,"parent":0,"menu_order":0,"comment_status":"closed","ping_status":"closed","template":"full_width.php","meta":{"footnotes":""},"class_list":["post-555","page","type-page","status-publish","hentry"],"_links":{"self":[{"href":"https:\/\/www.lacamper.cat\/es\/wp-json\/wp\/v2\/pages\/555","targetHints":{"allow":["GET"]}}],"collection":[{"href":"https:\/\/www.lacamper.cat\/es\/wp-json\/wp\/v2\/pages"}],"about":[{"href":"https:\/\/www.lacamper.cat\/es\/wp-json\/wp\/v2\/types\/page"}],"author":[{"embeddable":true,"href":"https:\/\/www.lacamper.cat\/es\/wp-json\/wp\/v2\/users\/1"}],"replies":[{"embeddable":true,"href":"https:\/\/www.lacamper.cat\/es\/wp-json\/wp\/v2\/comments?post=555"}],"version-history":[{"count":15,"href":"https:\/\/www.lacamper.cat\/es\/wp-json\/wp\/v2\/pages\/555\/revisions"}],"predecessor-version":[{"id":724,"href":"https:\/\/www.lacamper.cat\/es\/wp-json\/wp\/v2\/pages\/555\/revisions\/724"}],"wp:attachment":[{"href":"https:\/\/www.lacamper.cat\/es\/wp-json\/wp\/v2\/media?parent=555"}],"curies":[{"name":"wp","href":"https:\/\/api.w.org\/{rel}","templated":true}]}}