{"id":571,"date":"2018-03-29T11:05:09","date_gmt":"2018-03-29T09:05:09","guid":{"rendered":"https:\/\/www.lacamper.cat\/?page_id=571"},"modified":"2023-05-03T15:44:09","modified_gmt":"2023-05-03T13:44:09","slug":"galeria-fotos-furgoneta-camper","status":"publish","type":"page","link":"https:\/\/www.lacamper.cat\/es\/galeria-fotos-furgoneta-camper\/","title":{"rendered":"GALER\u00cdA"},"content":{"rendered":"<section class=\"wpb-content-wrapper\"><p>[vc_row css_animation=\u00bb\u00bb row_type=\u00bbrow\u00bb use_row_as_full_screen_section=\u00bbno\u00bb type=\u00bbfull_width\u00bb angled_section=\u00bbno\u00bb text_align=\u00bbleft\u00bb background_image_as_pattern=\u00bbwithout_pattern\u00bb z_index=\u00bb\u00bb][vc_column][vc_single_image image=\u00bb704&#8243; img_size=\u00bbfull\u00bb alignment=\u00bbcenter\u00bb qode_css_animation=\u00bb\u00bb][\/vc_column][\/vc_row][vc_row css_animation=\u00bb\u00bb row_type=\u00bbrow\u00bb use_row_as_full_screen_section=\u00bbno\u00bb type=\u00bbgrid\u00bb angled_section=\u00bbno\u00bb text_align=\u00bbleft\u00bb background_image_as_pattern=\u00bbwithout_pattern\u00bb z_index=\u00bb\u00bb][vc_column][vc_column_text]<\/p>\n<p style=\"text-align: right;\"><a href=\"\/es\/\">INICIO<\/a> &gt; GALER\u00cdA<\/p>\n<p>[\/vc_column_text][\/vc_column][\/vc_row][vc_row css_animation=\u00bb\u00bb row_type=\u00bbrow\u00bb use_row_as_full_screen_section=\u00bbno\u00bb type=\u00bbgrid\u00bb angled_section=\u00bbno\u00bb text_align=\u00bbleft\u00bb background_image_as_pattern=\u00bbwithout_pattern\u00bb z_index=\u00bb\u00bb padding_top=\u00bb75&#8243; anchor=\u00bbinici\u00bb][vc_column][vc_column_text]<\/p>\n<h1>GALER\u00cdA DE IM\u00c1GENES DE LA FURGONETA CAMPER<\/h1>\n<p>[\/vc_column_text][vc_empty_space height=\u00bb20px\u00bb][vc_column_text]<\/p>\n<p style=\"text-align: left;\"><strong>Antes de alquilar una furgoneta camper para tus vacaciones y hacer turismo, \u00bfquieres saber c\u00f3mo es La Camper por dentro y por fuera? \u00a1Ver\u00e1s que es como estar en casa! Viaja en familia, amigos o ni\u00f1os y disfruta de la libertad que te da una furgoneta camperizada.<\/strong><\/p>\n<p>[\/vc_column_text][\/vc_column][\/vc_row][vc_row css_animation=\u00bb\u00bb row_type=\u00bbrow\u00bb use_row_as_full_screen_section=\u00bbno\u00bb type=\u00bbgrid\u00bb angled_section=\u00bbno\u00bb text_align=\u00bbleft\u00bb background_image_as_pattern=\u00bbwithout_pattern\u00bb z_index=\u00bb\u00bb padding_top=\u00bb75&#8243; padding_bottom=\u00bb75&#8243;][vc_column css=\u00bb.vc_custom_1678387470731{padding-right: 10% !important;padding-left: 10% !important;}\u00bb][vc_column_text]<\/p>\n<h2>FOTOS DEL EXTERIOR<\/h2>\n<p>[\/vc_column_text][vc_empty_space height=\u00bb20px\u00bb][vc_column_text]Camper completamente equipada por viajero en familia o con amigos. Las medidas exteriores de La Camper son de 6 metros de largo, 2,6 metros de altura y 2,1 metros de ancho.[\/vc_column_text][vc_empty_space height=\u00bb20px\u00bb][vc_gallery type=\u00bbimage_grid\u00bb images=\u00bb477,487,485,483,481,479&#8243; img_size=\u00bbfull\u00bb column_number=\u00bb3&#8243; grayscale=\u00bbno\u00bb images_space=\u00bbgallery_with_space\u00bb][\/vc_column][\/vc_row][vc_row css_animation=\u00bb\u00bb row_type=\u00bbrow\u00bb use_row_as_full_screen_section=\u00bbno\u00bb type=\u00bbgrid\u00bb angled_section=\u00bbno\u00bb text_align=\u00bbleft\u00bb background_image_as_pattern=\u00bbwithout_pattern\u00bb z_index=\u00bb\u00bb padding_bottom=\u00bb75&#8243;][vc_column css=\u00bb.vc_custom_1678387470731{padding-right: 10% !important;padding-left: 10% !important;}\u00bb][vc_column_text]<\/p>\n<h2>FOTOS DEL INTERIOR<\/h2>\n<p>[\/vc_column_text][vc_empty_space height=\u00bb20px\u00bb][vc_column_text]La Camper cuenta con espacio para cuatro personas para viajar y dormir (dos literas con las siguientes dimensiones: 196cm x 150 cm la cama de abajo y 173 cm x 143 cm la cama de arriba que soporta un peso de 150kg). La cocina est\u00e1 a gas, con agua caliente y nevera de 138 litros con congelador. El ba\u00f1o tiene wc qu\u00edmico y ducha de agua caliente. El veh\u00edculo cuenta con mucho espacio para almacenamiento. Calefacci\u00f3n y agua caliente con panel de control (Truma Diesel).[\/vc_column_text][vc_empty_space height=\u00bb20px\u00bb][vc_gallery type=\u00bbimage_grid\u00bb images=\u00bb491,493,495,497,499,501&#8243; img_size=\u00bbfull\u00bb column_number=\u00bb3&#8243; grayscale=\u00bbno\u00bb images_space=\u00bbgallery_with_space\u00bb][\/vc_column][\/vc_row]<\/p>\n<\/section>","protected":false},"excerpt":{"rendered":"<p>[vc_row css_animation=\u00bb\u00bb row_type=\u00bbrow\u00bb use_row_as_full_screen_section=\u00bbno\u00bb type=\u00bbfull_width\u00bb angled_section=\u00bbno\u00bb text_align=\u00bbleft\u00bb background_image_as_pattern=\u00bbwithout_pattern\u00bb z_index=\u00bb\u00bb][vc_column][vc_single_image image=\u00bb704&#8243; img_size=\u00bbfull\u00bb alignment=\u00bbcenter\u00bb qode_css_animation=\u00bb\u00bb][\/vc_column][\/vc_row][vc_row css_animation=\u00bb\u00bb row_type=\u00bbrow\u00bb use_row_as_full_screen_section=\u00bbno\u00bb type=\u00bbgrid\u00bb angled_section=\u00bbno\u00bb text_align=\u00bbleft\u00bb background_image_as_pattern=\u00bbwithout_pattern\u00bb z_index=\u00bb\u00bb][vc_column][vc_column_text] INICIO &gt; GALER\u00cdA [\/vc_column_text][\/vc_column][\/vc_row][vc_row css_animation=\u00bb\u00bb row_type=\u00bbrow\u00bb use_row_as_full_screen_section=\u00bbno\u00bb type=\u00bbgrid\u00bb angled_section=\u00bbno\u00bb text_align=\u00bbleft\u00bb background_image_as_pattern=\u00bbwithout_pattern\u00bb z_index=\u00bb\u00bb padding_top=\u00bb75&#8243; anchor=\u00bbinici\u00bb][vc_column][vc_column_text] GALER\u00cdA DE IM\u00c1GENES DE LA FURGONETA CAMPER [\/vc_column_text][vc_empty_space height=\u00bb20px\u00bb][vc_column_text] Antes&hellip; <a class=\"continue\" href=\"https:\/\/www.lacamper.cat\/es\/galeria-fotos-furgoneta-camper\/\">CONTINUAR >><span> GALER\u00cdA<\/span><\/a><\/p>\n","protected":false},"author":1,"featured_media":0,"parent":0,"menu_order":0,"comment_status":"closed","ping_status":"closed","template":"full_width.php","meta":{"footnotes":""},"class_list":["post-571","page","type-page","status-publish","hentry"],"_links":{"self":[{"href":"https:\/\/www.lacamper.cat\/es\/wp-json\/wp\/v2\/pages\/571","targetHints":{"allow":["GET"]}}],"collection":[{"href":"https:\/\/www.lacamper.cat\/es\/wp-json\/wp\/v2\/pages"}],"about":[{"href":"https:\/\/www.lacamper.cat\/es\/wp-json\/wp\/v2\/types\/page"}],"author":[{"embeddable":true,"href":"https:\/\/www.lacamper.cat\/es\/wp-json\/wp\/v2\/users\/1"}],"replies":[{"embeddable":true,"href":"https:\/\/www.lacamper.cat\/es\/wp-json\/wp\/v2\/comments?post=571"}],"version-history":[{"count":3,"href":"https:\/\/www.lacamper.cat\/es\/wp-json\/wp\/v2\/pages\/571\/revisions"}],"predecessor-version":[{"id":723,"href":"https:\/\/www.lacamper.cat\/es\/wp-json\/wp\/v2\/pages\/571\/revisions\/723"}],"wp:attachment":[{"href":"https:\/\/www.lacamper.cat\/es\/wp-json\/wp\/v2\/media?parent=571"}],"curies":[{"name":"wp","href":"https:\/\/api.w.org\/{rel}","templated":true}]}}