{"id":574,"date":"2023-03-10T08:29:28","date_gmt":"2023-03-10T06:29:28","guid":{"rendered":"https:\/\/www.lacamper.cat\/?page_id=574"},"modified":"2023-05-03T15:46:49","modified_gmt":"2023-05-03T13:46:49","slug":"rutas-para-hacer-con-furgoneta-camper-o-autocaravana","status":"publish","type":"page","link":"https:\/\/www.lacamper.cat\/es\/rutas-para-hacer-con-furgoneta-camper-o-autocaravana\/","title":{"rendered":"RUTAS"},"content":{"rendered":"<section class=\"wpb-content-wrapper\"><p>[vc_row css_animation=\u00bb\u00bb row_type=\u00bbrow\u00bb use_row_as_full_screen_section=\u00bbno\u00bb type=\u00bbfull_width\u00bb angled_section=\u00bbno\u00bb text_align=\u00bbleft\u00bb background_image_as_pattern=\u00bbwithout_pattern\u00bb z_index=\u00bb\u00bb css=\u00bb.vc_custom_1683121638224{padding-right: 2% !important;padding-left: 2% !important;}\u00bb][vc_column][vc_single_image image=\u00bb707&#8243; img_size=\u00bbfull\u00bb alignment=\u00bbcenter\u00bb qode_css_animation=\u00bb\u00bb][\/vc_column][\/vc_row][vc_row css_animation=\u00bb\u00bb row_type=\u00bbrow\u00bb use_row_as_full_screen_section=\u00bbno\u00bb type=\u00bbgrid\u00bb angled_section=\u00bbno\u00bb text_align=\u00bbleft\u00bb background_image_as_pattern=\u00bbwithout_pattern\u00bb z_index=\u00bb\u00bb padding_bottom=\u00bb75&#8243;][vc_column][vc_column_text]<\/p>\n<p style=\"text-align: right;\"><a href=\"\/es\/\">INICIO<\/a> &gt; RUTAS<\/p>\n<p>[\/vc_column_text][\/vc_column][\/vc_row][vc_row css_animation=\u00bb\u00bb row_type=\u00bbrow\u00bb use_row_as_full_screen_section=\u00bbno\u00bb type=\u00bbgrid\u00bb angled_section=\u00bbno\u00bb text_align=\u00bbleft\u00bb background_image_as_pattern=\u00bbwithout_pattern\u00bb z_index=\u00bb\u00bb padding_bottom=\u00bb75&#8243; anchor=\u00bbinici\u00bb][vc_column css=\u00bb.vc_custom_1678430664577{padding-right: 5% !important;padding-left: 5% !important;}\u00bb][vc_column_text]<\/p>\n<h1>RUTAS PARA HACER CON FURGONETA CAMPER<\/h1>\n<p>[\/vc_column_text][vc_empty_space height=\u00bb15&#8243;][vc_column_text]<strong>\u00bfQuieres ideas para viajar con una furgoneta camper o con una autocaravana? Aqu\u00ed encontrar\u00e1s rutas para realizar con camper, furgoneta o autocaravana para poder disfrutar al m\u00e1ximo de tu aventura. \u00a1Viajar en familia, con los amigos o con ni\u00f1os nunca hab\u00eda sido tan f\u00e1cil ni tan c\u00f3modo! Durante los \u00faltimos a\u00f1os, el turismo con camper, furgoneta o autocaravana ha ido en aumento y cada vez son m\u00e1s los lugares donde puedes encontrar rutas por hacer durante tus vacaciones. Aqu\u00ed tienes unas cuantas ideas de rutas:<\/strong>[\/vc_column_text][vc_empty_space height=\u00bb75&#8243;]\n<div class='latest_post_holder dividers two_columns one_row' >\n    <ul>\n    \n        <li class=\"clearfix\">\n            <div class=\"boxes_image\">\n                                <a itemprop=\"url\" href=\"https:\/\/www.lacamper.cat\/es\/fin-de-semana-en-occitania\/\"><img loading=\"lazy\" decoding=\"async\" width=\"539\" height=\"303\" src=\"https:\/\/www.lacamper.cat\/wp-content\/uploads\/2023\/02\/la-camper-ruta1-carcassonne-portada-539x303.jpg\" class=\"attachment-latest_post_boxes size-latest_post_boxes wp-post-image\" alt=\"Pont d&#039;entrada, amb fossat a sota ple de gespa i muralla amb torres de Carcassonne.\" \/><\/a>\n            <\/div>\n            <div class=\"latest_post\"  >\n                <div class=\"latest_post_text\">\n                    <div class=\"latest_post_inner\">\n                        <div itemprop=\"dateCreated\" class=\"latest_post_date entry_date updated\">\n                            <div class=\"latest_post_day\">27<\/div>\n                            <div class=\"latest_post_month\">Feb<\/div>\n                            <meta itemprop=\"interactionCount\" content=\"UserComments: 0\" \/>\n                        <\/div>\n\n                        <div class=\"latest_post_text_inner\">\n                            <h2 itemprop=\"name\" class=\"latest_post_title entry_title\"><a itemprop=\"url\" href=\"https:\/\/www.lacamper.cat\/es\/fin-de-semana-en-occitania\/\">Fin de semana en Occitania<\/a><\/h2>\n                            <p class=\"excerpt\">Carcassonne es una de las ciudades m\u00e1s visitadas de Francia pero \u00bfqu\u00e9 tal hacer una visita y a\u00f1adir un pueblecito que le sorprender\u00e1? Se trata de Mirepoix, Mirapeis en occitano. Una localidad de Occitania, ubicada en la regi\u00f3n de Ari\u00e8ge, a 47 kil\u00f3metros de Carcassonne. Su Place des Couverts con sus casas porticadas con soportes de madera tallada la hace muy peculiar y le trasladar\u00e1 a la \u00e9poca medieval. Justo al lado est\u00e1 la Catedral de San Mauricio que empez\u00f3 a construirse en 1298 y que no finaliz\u00f3 hasta seis siglos despu\u00e9s, en el S.XIX. <a class=\"continue\" href=\"https:\/\/www.lacamper.cat\/es\/fin-de-semana-en-occitania\/\">CONTINUAR &gt;&gt;<span> Fin de semana en Occitania<\/span><\/a>...<\/p>                            <span class=\"post_infos\">\n\n                                \n                                                                    <a itemprop=\"url\" class=\"post_comments\" href=\"https:\/\/www.lacamper.cat\/es\/fin-de-semana-en-occitania\/#respond\">No hay comentarios<\/a>\n                                \n                                \n                                                            <\/span>\n\n                        <\/div>\n                    <\/div>\n                <\/div>\n            <\/div>\n        <\/li>\n            <\/ul>\n<\/div>[\/vc_column][\/vc_row]<\/p>\n<\/section>","protected":false},"excerpt":{"rendered":"<p>[vc_row css_animation=\u00bb\u00bb row_type=\u00bbrow\u00bb use_row_as_full_screen_section=\u00bbno\u00bb type=\u00bbfull_width\u00bb angled_section=\u00bbno\u00bb text_align=\u00bbleft\u00bb background_image_as_pattern=\u00bbwithout_pattern\u00bb z_index=\u00bb\u00bb css=\u00bb.vc_custom_1683121638224{padding-right: 2% !important;padding-left: 2% !important;}\u00bb][vc_column][vc_single_image image=\u00bb707&#8243; img_size=\u00bbfull\u00bb alignment=\u00bbcenter\u00bb qode_css_animation=\u00bb\u00bb][\/vc_column][\/vc_row][vc_row css_animation=\u00bb\u00bb row_type=\u00bbrow\u00bb use_row_as_full_screen_section=\u00bbno\u00bb type=\u00bbgrid\u00bb angled_section=\u00bbno\u00bb text_align=\u00bbleft\u00bb background_image_as_pattern=\u00bbwithout_pattern\u00bb z_index=\u00bb\u00bb padding_bottom=\u00bb75&#8243;][vc_column][vc_column_text] INICIO &gt; RUTAS [\/vc_column_text][\/vc_column][\/vc_row][vc_row css_animation=\u00bb\u00bb row_type=\u00bbrow\u00bb use_row_as_full_screen_section=\u00bbno\u00bb type=\u00bbgrid\u00bb angled_section=\u00bbno\u00bb text_align=\u00bbleft\u00bb background_image_as_pattern=\u00bbwithout_pattern\u00bb z_index=\u00bb\u00bb padding_bottom=\u00bb75&#8243; anchor=\u00bbinici\u00bb][vc_column css=\u00bb.vc_custom_1678430664577{padding-right: 5% !important;padding-left: 5%&hellip; <a class=\"continue\" href=\"https:\/\/www.lacamper.cat\/es\/fin-de-semana-en-occitania\/\">CONTINUAR >><span> Fin de semana en Occitania<\/span><\/a> <a class=\"continue\" href=\"https:\/\/www.lacamper.cat\/es\/fin-de-semana-en-occitania\/\">CONTINUAR >><span> Fin de semana en Occitania<\/span><\/a><\/p>\n","protected":false},"author":1,"featured_media":0,"parent":0,"menu_order":0,"comment_status":"closed","ping_status":"closed","template":"full_width.php","meta":{"footnotes":""},"class_list":["post-574","page","type-page","status-publish","hentry"],"_links":{"self":[{"href":"https:\/\/www.lacamper.cat\/es\/wp-json\/wp\/v2\/pages\/574","targetHints":{"allow":["GET"]}}],"collection":[{"href":"https:\/\/www.lacamper.cat\/es\/wp-json\/wp\/v2\/pages"}],"about":[{"href":"https:\/\/www.lacamper.cat\/es\/wp-json\/wp\/v2\/types\/page"}],"author":[{"embeddable":true,"href":"https:\/\/www.lacamper.cat\/es\/wp-json\/wp\/v2\/users\/1"}],"replies":[{"embeddable":true,"href":"https:\/\/www.lacamper.cat\/es\/wp-json\/wp\/v2\/comments?post=574"}],"version-history":[{"count":3,"href":"https:\/\/www.lacamper.cat\/es\/wp-json\/wp\/v2\/pages\/574\/revisions"}],"predecessor-version":[{"id":727,"href":"https:\/\/www.lacamper.cat\/es\/wp-json\/wp\/v2\/pages\/574\/revisions\/727"}],"wp:attachment":[{"href":"https:\/\/www.lacamper.cat\/es\/wp-json\/wp\/v2\/media?parent=574"}],"curies":[{"name":"wp","href":"https:\/\/api.w.org\/{rel}","templated":true}]}}