{"id":589,"date":"2023-03-09T20:02:00","date_gmt":"2023-03-09T18:02:00","guid":{"rendered":"https:\/\/www.lacamper.cat\/?page_id=589"},"modified":"2023-05-02T13:13:59","modified_gmt":"2023-05-02T11:13:59","slug":"condiciones-de-contractacion","status":"publish","type":"page","link":"https:\/\/www.lacamper.cat\/es\/inicio\/condiciones-de-contractacion\/","title":{"rendered":"CONDICIONES DE CONTRACTACI\u00d3N"},"content":{"rendered":"<div class=\"wpb-content-wrapper\"><p>[vc_row css_animation=\u00bb\u00bb row_type=\u00bbrow\u00bb use_row_as_full_screen_section=\u00bbno\u00bb type=\u00bbfull_width\u00bb angled_section=\u00bbno\u00bb text_align=\u00bbleft\u00bb background_image_as_pattern=\u00bbwithout_pattern\u00bb][vc_column][vc_separator type=\u00bbnormal\u00bb color=\u00bb#45797d\u00bb thickness=\u00bb10&#8243; up=\u00bb20&#8243; down=\u00bb10&#8243;][vc_column_text]<\/p>\n<p style=\"text-align: right;\"><a href=\"\/es\/\">INICIO<\/a> &gt; CONDICIONES DE CONTRACTACI\u00d3N<\/p>\n<p>[\/vc_column_text][\/vc_column][\/vc_row][vc_row css_animation=\u00bb\u00bb row_type=\u00bbrow\u00bb use_row_as_full_screen_section=\u00bbno\u00bb type=\u00bbfull_width\u00bb angled_section=\u00bbno\u00bb text_align=\u00bbleft\u00bb background_image_as_pattern=\u00bbwithout_pattern\u00bb z_index=\u00bb\u00bb padding_top=\u00bb75&#8243; padding_bottom=\u00bb75&#8243; anchor=\u00bbinici\u00bb][vc_column][vc_column_text]<\/p>\n<h1>CONDICIONES DE CONTRATACI\u00d3N<\/h1>\n<p>&nbsp;<\/p>\n<p>El pago de la reserva de alquiler supone la aceptaci\u00f3n de todas y cada una de las siguientes condiciones:<\/p>\n<p>&nbsp;<\/p>\n<p>\u00danicamente ser\u00e1n v\u00e1lidas las condiciones comerciales generales establecidas en este contrato de alquiler y no se admitir\u00e1n aquellas que difieran de \u00e9stas.<\/p>\n<p>&nbsp;<\/p>\n<p>[vc_empty_space height=\u00bb50px\u00bb]<\/p>\n<h2>1. La RESERVA:<\/h2>\n<p>[vc_separator type=\u00bbsmall\u00bb position=\u00bbleft\u00bb up=\u00bb15&#8243; down=\u00bb15&#8243; color=\u00bbb5cd39&#8243; transparency=\u00bb1&#8243; thickness=\u00bb2&#8243;]<\/p>\n<p>La reserva del veh\u00edculo supone el pago previo del total del alquiler. En caso de que el arrendatario solicite la anulaci\u00f3n de la reserva se le aplicar\u00e1n las siguientes penalizaciones sobre el pago de la reserva (sin la fianza):<\/p>\n<ul>\n<li><strong>Anulaci\u00f3n antes de 15 d\u00edas desde el inicio de la fecha de alquiler:<\/strong> gratuito.<\/li>\n<li><strong>Anulaci\u00f3n con menos de 14 d\u00edas por el inicio del alquiler:<\/strong> penalizaci\u00f3n del 5%.<\/li>\n<li><strong>Anulaci\u00f3n el mismo d\u00eda de inicio del alquiler:<\/strong> penalizaci\u00f3n del 50%.<\/li>\n<\/ul>\n<p>&nbsp;<\/p>\n<p>[vc_empty_space height=\u00bb50px\u00bb]<\/p>\n<h2>2. El PAGO:<\/h2>\n<p>[vc_separator type=\u00bbsmall\u00bb position=\u00bbleft\u00bb up=\u00bb15&#8243; down=\u00bb15&#8243; color=\u00bbb5cd39&#8243; transparency=\u00bb1&#8243; thickness=\u00bb2&#8243;]<\/p>\n<p>La totalidad del importe del alquiler contratado deber\u00e1 abonarse antes de la entrega del veh\u00edculo.<\/p>\n<p>&nbsp;<\/p>\n<p>[vc_empty_space height=\u00bb50px\u00bb]<\/p>\n<h2>3. FIANZA:<\/h2>\n<p>[vc_separator type=\u00bbsmall\u00bb position=\u00bbleft\u00bb up=\u00bb15&#8243; down=\u00bb15&#8243; color=\u00bbb5cd39&#8243; transparency=\u00bb1&#8243; thickness=\u00bb2&#8243;]<\/p>\n<p>La fianza ser\u00e1 de 600\u20ac v\u00eda Bizum o transferencia bancaria en el momento de entrega del veh\u00edculo, para garantizar el buen uso y correcta devoluci\u00f3n del veh\u00edculo. Ser\u00e1 devuelta una vez comprobado que no haya desperfectos en un plazo m\u00e1ximo de 48h.<\/p>\n<p>&nbsp;<\/p>\n<p>[vc_empty_space height=\u00bb50px\u00bb]<\/p>\n<h2>4. DEVOLUCI\u00d3N DE LA FIANZA:<\/h2>\n<p>[vc_separator type=\u00bbsmall\u00bb position=\u00bbleft\u00bb up=\u00bb15&#8243; down=\u00bb15&#8243; color=\u00bbb5cd39&#8243; transparency=\u00bb1&#8243; thickness=\u00bb2&#8243;]<\/p>\n<p>La devoluci\u00f3n de la fianza se har\u00e1 efectiva durante las 48 horas laborables siguientes al regreso del veh\u00edculo. Cualquier desperfecto o ausencia de alg\u00fan objeto en el momento de la devoluci\u00f3n, o si \u00e9ste no ha sido devuelto en buenas condiciones de limpieza, permitir\u00e1 al arrendador deducir de la fianza el importe de estos desperfectos o ausencias.<\/p>\n<p>&nbsp;<\/p>\n<p>En caso de no ser posible la valoraci\u00f3n de los da\u00f1os de forma inmediata el arrendador dispondr\u00e1 de 30 d\u00edas por la devoluci\u00f3n, en su caso, del importe restante, habiendo restado de \u00e9sta el coste de la reparaci\u00f3n de los desperfectos causados.<\/p>\n<p>&nbsp;<\/p>\n<p>En caso de que los desperfectos hayan sido ocasionados por un incorrecto uso, fruto del vandalismo, o por haber consumido bebidas alcoh\u00f3licas o drogas, el importe de la penalizaci\u00f3n puede llegar a ser superior al importe de la fianza.<\/p>\n<p>&nbsp;<\/p>\n<p>[vc_empty_space height=\u00bb50px\u00bb]<\/p>\n<h2>5. SANCIONES:<\/h2>\n<p>[vc_separator type=\u00bbsmall\u00bb position=\u00bbleft\u00bb up=\u00bb15&#8243; down=\u00bb15&#8243; color=\u00bbb5cd39&#8243; transparency=\u00bb1&#8243; thickness=\u00bb2&#8243;]<\/p>\n<p>El importe de toda clase de sanciones, multas, penas o costas judiciales y extrajudiciales derivados de cualquier infracci\u00f3n de tr\u00e1fico (sea administrativa, penal o cualquier otra clase) que vayan dirigidos contra el veh\u00edculo durante el tiempo de vigencia de este contrato ser\u00e1n asumidos por el cliente, el arrendatario.<\/p>\n<p>&nbsp;<\/p>\n<p>El arrendador identificar\u00e1 al conductor y la sanci\u00f3n ser\u00e1 enviada a la direcci\u00f3n facilitada. El arrendatario deber\u00e1 pagar esa sanci\u00f3n. En caso de que la direcci\u00f3n facilitada sea incorrecta o que la carta sea devuelta por cualquier motivo, el arrendador podr\u00e1 cobrar el importe de la multa (o cualquier otro cobro comentado con anterioridad) a trav\u00e9s de la forma de pago facilitada en el momento de la reserva y alquiler del veh\u00edculo.<\/p>\n<p>&nbsp;<\/p>\n<p>[vc_empty_space height=\u00bb50px\u00bb]<\/p>\n<h2>6. EDAD M\u00cdNIMA:<\/h2>\n<p>[vc_separator type=\u00bbsmall\u00bb position=\u00bbleft\u00bb up=\u00bb15&#8243; down=\u00bb15&#8243; color=\u00bbb5cd39&#8243; transparency=\u00bb1&#8243; thickness=\u00bb2&#8243;]<\/p>\n<p>La edad m\u00ednima para conducir el veh\u00edculo de alquiler ser\u00e1 de 26 a\u00f1os para todos los conductores del veh\u00edculo, adem\u00e1s tendr\u00e1n que tener en posesi\u00f3n el carn\u00e9 de conducir de tipo B con vigencia y 5 a\u00f1os de antig\u00fcedad o en el permiso nacional equivalente a \u00e9ste. En caso de no ser residente de la UE deber\u00e1 estar en posesi\u00f3n del permiso internacional.<\/p>\n<p>&nbsp;<\/p>\n<p>Si en el momento de la entrega del veh\u00edculo, el cliente no dispone del permiso de conducir apto, o la documentaci\u00f3n presentada es falsa o inexacta, se considerar\u00e1 a todos los efectos que el cliente no ha acudido a recoger el veh\u00edculo, con el que se le aplicar\u00e1n las condiciones de rescisi\u00f3n de la reserva vinculante por parte del cliente (punto 1.) con la penalizaci\u00f3n del 50% del total del precio de la reserva.<\/p>\n<p>&nbsp;<\/p>\n<p>[vc_empty_space height=\u00bb50px\u00bb]<\/p>\n<h2>7. INDEMNIZACIONES:<\/h2>\n<p>[vc_separator type=\u00bbsmall\u00bb position=\u00bbleft\u00bb up=\u00bb15&#8243; down=\u00bb15&#8243; color=\u00bbb5cd39&#8243; transparency=\u00bb1&#8243; thickness=\u00bb2&#8243;]<\/p>\n<p>El arrendatario no podr\u00e1 exigir ning\u00fan tipo de indemnizaci\u00f3n, si por motivos de fuerza mayor o por causas fortuitas (una aver\u00eda o un siniestro no reparable por la fecha prevista de entrega), el veh\u00edculo no se pudiera entregar el d\u00eda acordado.<\/p>\n<p>&nbsp;<\/p>\n<p>Si no se puede llevar a cabo el alquiler en la fecha acordada, el arrendatario podr\u00e1 cambiar su reserva por otras fechas, siempre que exista disponibilidad, pero no podr\u00e1 exigir indemnizaci\u00f3n alguna.<\/p>\n<p>&nbsp;<\/p>\n<p>Si el arrendatario ha realizado alg\u00fan pago, se le devolver\u00e1 el importe.<\/p>\n<p>&nbsp;<\/p>\n<p>En caso de que el arrendatario, por decisi\u00f3n unilateral, comience con retraso o finalice anticipadamente el alquiler, no tendr\u00e1 derecho a ning\u00fan reembolso.<\/p>\n<p>&nbsp;<\/p>\n<p>[vc_empty_space height=\u00bb50px\u00bb]<\/p>\n<h2>8. PR\u00d3RROGAS:<\/h2>\n<p>[vc_separator type=\u00bbsmall\u00bb position=\u00bbleft\u00bb up=\u00bb15&#8243; down=\u00bb15&#8243; color=\u00bbb5cd39&#8243; transparency=\u00bb1&#8243; thickness=\u00bb2&#8243;]<\/p>\n<p>Si el cliente desea alargar su alquiler, deber\u00e1 solicitarlo al arrendador a trav\u00e9s de cualquiera de las v\u00edas de contacto. La confirmaci\u00f3n de la pr\u00f3rroga estar\u00e1 sujeta a la disponibilidad del veh\u00edculo. Los retrasos en la entrega no autorizados, ni causados por fuerza mayor, ser\u00e1n penalizados con el pago de un d\u00eda m\u00e1s.<\/p>\n<p>&nbsp;<\/p>\n<p>El arrendador se reserva el derecho a obtener la devoluci\u00f3n del veh\u00edculo en cualquier momento durante la vigencia del contrato si su utilizaci\u00f3n no es la correcta seg\u00fan las condiciones generales presentes en este acuerdo.<\/p>\n<p>&nbsp;<\/p>\n<p>[vc_empty_space height=\u00bb50px\u00bb]<\/p>\n<h2>9. ENTREGA Y DEVOLUCI\u00d3N:<\/h2>\n<p>[vc_separator type=\u00bbsmall\u00bb position=\u00bbleft\u00bb up=\u00bb15&#8243; down=\u00bb15&#8243; color=\u00bbb5cd39&#8243; transparency=\u00bb1&#8243; thickness=\u00bb2&#8243;]<\/p>\n<p>La entrega y devoluci\u00f3n del veh\u00edculo se realizar\u00e1 en el lugar y hora pactadas previamente entre arrendador y arrendatario.<\/p>\n<p>&nbsp;<\/p>\n<p>El arrendatario est\u00e1 obligado a seguir las instrucciones de conducci\u00f3n y uso de la camper que le proporcionar\u00e1 el arrendador.<\/p>\n<p>&nbsp;<\/p>\n<p>Durante la devoluci\u00f3n del veh\u00edculo el arrendatario est\u00e1 obligado a realizar una revisi\u00f3n final del veh\u00edculo junto con el arrendador y firmar el documento de devoluci\u00f3n del veh\u00edculo.<\/p>\n<p>&nbsp;<\/p>\n<p>Los desperfectos que no consten en contrato y que se detecten en el momento de la devoluci\u00f3n del veh\u00edculo ir\u00e1n a cargo del arrendatario y ser\u00e1n descontados de la fianza, tal y como se recoge en el punto 4.<\/p>\n<p>&nbsp;<\/p>\n<p>En caso de que se detecte alg\u00fan desperfecto en las siguientes 48h posteriores a la devoluci\u00f3n, el arrendador lo notificar\u00e1 al arrendatario para gestionar el abono de los desperfectos.<\/p>\n<p>&nbsp;<\/p>\n<p>El veh\u00edculo se podr\u00e1 recoger a partir de las 14h y devolver antes de las 12h. Si se desea ampliar el viaje se deber\u00e1 consultar la disponibilidad con el arrendador y asumir su coste extra.<\/p>\n<p>&nbsp;<\/p>\n<p>La no presentaci\u00f3n del arrendatario en el lugar y hora convenidos por el inicio del alquiler tendr\u00e1 como consideraci\u00f3n de rescisi\u00f3n unilateral del contrato y la reserva, con la penalizaci\u00f3n del 50% del valor del alquiler contrato, la no presentaci\u00f3n facultar\u00e1 al arrendador a disponer del veh\u00edculo reservado careciendo del arrendatario derecho a ning\u00fan tipo de indemnizaci\u00f3n o compensaci\u00f3n.<\/p>\n<p>&nbsp;<\/p>\n<p>[vc_empty_space height=\u00bb50px\u00bb]<\/p>\n<h2>10. ESTADO DE DEVOLUCI\u00d3N:<\/h2>\n<p>[vc_separator type=\u00bbsmall\u00bb position=\u00bbleft\u00bb up=\u00bb15&#8243; down=\u00bb15&#8243; color=\u00bbb5cd39&#8243; transparency=\u00bb1&#8243; thickness=\u00bb2&#8243;]<\/p>\n<p>El veh\u00edculo se devolver\u00e1 limpio (interior y exterior) y con los dep\u00f3sitos de aguas negras, aguas grises y agua potable despejadas. En caso contrario, se cobrar\u00e1 un suplemento entre 50\u20ac por la limpieza de la camper y un suplemento de 120\u20ac por el vaciado de las aguas negras y grises.<\/p>\n<p>&nbsp;<\/p>\n<p>El veh\u00edculo debe entregarse con el dep\u00f3sito de combustible tal y como se ha encontrado en el momento de la entrega por eso antes de la entrega se comprobar\u00e1 el nivel del dep\u00f3sito y los kil\u00f3metros. En caso de que el arrendatario devuelva el veh\u00edculo con el dep\u00f3sito m\u00e1s bajo que en el momento de la entrega se le cobrar\u00e1 la diferencia. Si el kilometraje supera a los incluidos (200km por d\u00eda de alquiler) se cobrar\u00e1n 0,10\u20ac por kil\u00f3metro superado.<\/p>\n<p>&nbsp;<\/p>\n<p>Ir\u00e1n a cargo del arrendatario todos los gastos de carburante y mantenimiento (como el pinchazo de un neum\u00e1tico) que haya durante el per\u00edodo de alquiler del veh\u00edculo. En caso de que se tenga que comprar una bombona de gas para la finalizaci\u00f3n de la misma, el importe ser\u00e1 devuelto al arrendatario siempre y cuando entregue ticket\/factura donde se especifique la compra de la bombona y toda la informaci\u00f3n de su pago.<\/p>\n<p>&nbsp;<\/p>\n<p>[vc_empty_space height=\u00bb50px\u00bb]<\/p>\n<h2>11. PROHIBICIONES, OBLIGACIONES Y PROTECCI\u00d3N:<\/h2>\n<p>[vc_separator type=\u00bbsmall\u00bb position=\u00bbleft\u00bb up=\u00bb15&#8243; down=\u00bb15&#8243; color=\u00bbb5cd39&#8243; transparency=\u00bb1&#8243; thickness=\u00bb2&#8243;]<\/p>\n<p>El arrendatario reconoce que recibe el veh\u00edculo en perfectas condiciones mec\u00e1nicas, provisto de la documentaci\u00f3n necesaria o con las herramientas, neum\u00e1ticos y accesorios adecuados, comprometi\u00e9ndose a conservarlo en buen estado, as\u00ed como a respetar el c\u00f3digo de circulaci\u00f3n.<\/p>\n<p>&nbsp;<\/p>\n<p>En caso de cualquier aver\u00eda, de los elementos de la autocaravana, el arrendatario deber\u00e1 comunicarlo de inmediato al arrendador, preferentemente con fotos y\/o v\u00eddeos, de quien recibir\u00e1 las instrucciones oportunas para su reparaci\u00f3n.<\/p>\n<p>&nbsp;<\/p>\n<p>Por las operaciones de mantenimiento o reparaci\u00f3n de aver\u00edas, el arrendatario deber\u00e1 solicitar la autorizaci\u00f3n del presupuesto al arrendador. El valor de dicha reparaci\u00f3n o mantenimiento, en su caso, ser\u00e1 reembolsado al arrendatario en el momento de la devoluci\u00f3n del veh\u00edculo, previa presentaci\u00f3n de la factura emitida a nombre del arrendador, cuyos datos figuran en el encabezamiento de este contrato.<\/p>\n<p>&nbsp;<\/p>\n<p>El arrendatario se compromete a no permitir que el veh\u00edculo sea conducido por otras personas que no sean \u00e9l mismo, o no est\u00e9n autorizadas seg\u00fan el contrato.<\/p>\n<p>&nbsp;<\/p>\n<p>No se podr\u00e1 transportar a m\u00e1s pasajeros de los especificados en la documentaci\u00f3n del veh\u00edculo.<\/p>\n<p>&nbsp;<\/p>\n<p>No se puede realquilar o transportar personas con fines comerciales y\/o cualquier otro uso que no est\u00e9 especificado en contrato. Tampoco puede cederse el uso del veh\u00edculo a terceras personas a t\u00edtulo gratuito o lucrativo.<\/p>\n<p>&nbsp;<\/p>\n<p>No puede transportarse cualquier tipo de mercanc\u00eda prohibida, drogas, productos t\u00f3xicos, mercanc\u00edas inflamables o explosivas.<\/p>\n<p>&nbsp;<\/p>\n<p>Queda prohibido conducir el veh\u00edculo bajo efectos del alcohol, drogas, fatiga o bajo el uso de medicamentos.<\/p>\n<p>&nbsp;<\/p>\n<p>Queda prohibido, transitar fuera de la red vial o en cualquier terreno no adecuado, tambi\u00e9n participar en pruebas deportivas, de resistencia, carreras u otras actividades que pudieran da\u00f1arlo.<\/p>\n<p>&nbsp;<\/p>\n<p>Queda prohibido viajar a cualquier pa\u00eds fuera de la UE o con conflictos b\u00e9licos.<\/p>\n<p>&nbsp;<\/p>\n<p>El arrendatario se hace responsable de tener el veh\u00edculo adecuadamente estacionado, y custodiado cuando no lo est\u00e9 utilizando.<\/p>\n<p>&nbsp;<\/p>\n<p>El arrendatario deber\u00e1 respetar la normativa en cada municipio o ciudad y no podr\u00e1 estacionar ni aparcar la camper fuera de zonas autorizadas, sino la sanci\u00f3n deber\u00e1 asumirla el arrendatario.<\/p>\n<p>&nbsp;<\/p>\n<p>Queda prohibido variar cualquier caracter\u00edstica t\u00e9cnica del veh\u00edculo, (llaves, cerraduras, equipamiento\u2026) as\u00ed como modificar su aspecto interior y\/o exterior. En caso de infracci\u00f3n, el arrendatario se har\u00e1 cargo de todos los gastos.<\/p>\n<p>&nbsp;<\/p>\n<p>La p\u00e9rdida de las llaves supondr\u00e1 un coste fijo de 200 \u20ac y la p\u00e9rdida de la documentaci\u00f3n del veh\u00edculo un coste fijo de 500 \u20ac.<\/p>\n<p>&nbsp;<\/p>\n<p>Queda totalmente prohibido fumar o encender velas en el interior del veh\u00edculo.<\/p>\n<p>&nbsp;<\/p>\n<p>[vc_empty_space height=\u00bb50px\u00bb]<\/p>\n<h2>12. COMPORTAMIENTO EN CASO DE ACCIDENTE:<\/h2>\n<p>[vc_separator type=\u00bbsmall\u00bb position=\u00bbleft\u00bb up=\u00bb15&#8243; down=\u00bb15&#8243; color=\u00bbb5cd39&#8243; transparency=\u00bb1&#8243; thickness=\u00bb2&#8243;]<\/p>\n<p>En caso de accidente, robo, incendio, da\u00f1os causados por animales de caza o cualquier otra incidencia, el arrendatario deber\u00e1 informarlo inmediatamente al arrendador y en su caso tambi\u00e9n a la polic\u00eda.<\/p>\n<p>&nbsp;<\/p>\n<p>En caso de accidente, el arrendatario deber\u00e1 obtener todos los datos de la parte contraria y de los testigos, que junto con los detalles del accidente remitir\u00e1 al arrendador.<\/p>\n<p>&nbsp;<\/p>\n<p>Debe notificar inmediatamente el accidente a las autoridades si existe culpabilidad de la parte contraria. No debe abandonar el veh\u00edculo sin tomar las correctas medidas para protegerlo y salvaguardarlo.<\/p>\n<p>&nbsp;<\/p>\n<p>En caso de hurto del veh\u00edculo, se denunciar\u00e1 a las autoridades pertinentes inmediatamente, comunic\u00e1ndolo y remitiendo una copia de la denuncia al arrendador de forma inmediata, junto con las llaves del veh\u00edculo, quedando sin efecto en caso contrario los seguros y coberturas .<\/p>\n<p>&nbsp;<\/p>\n<p>En caso de incumplimiento por parte del arrendatario de alguna de estas medidas, si son de aplicaci\u00f3n, el arrendador podr\u00e1 reclamar al arrendatario los da\u00f1os y perjuicios ocasionados por la negligencia del mismo.<\/p>\n<p>&nbsp;<\/p>\n<p>[vc_empty_space height=\u00bb50px\u00bb]<\/p>\n<h2>13. RESPONSABILIDADES DEL ARRENDADOR<\/h2>\n<p>[vc_separator type=\u00bbsmall\u00bb position=\u00bbleft\u00bb up=\u00bb15&#8243; down=\u00bb15&#8243; color=\u00bbb5cd39&#8243; transparency=\u00bb1&#8243; thickness=\u00bb2&#8243;]<\/p>\n<p>El Arrendador entregar\u00e1 el veh\u00edculo en perfecto estado, realizando todas las verificaciones y mantenimientos para su buen funcionamiento.<\/p>\n<p>&nbsp;<\/p>\n<p>Si por causas de fuerza mayor o motivos ajenos al arrendador no pudiera entregarse el veh\u00edculo en la fecha acordada, ello no dar\u00e1 derecho a indemnizaci\u00f3n alguna a favor del arrendatario, salvo la devoluci\u00f3n de la cantidad pagada en concepto de alquiler.<\/p>\n<p>&nbsp;<\/p>\n<p>[vc_empty_space height=\u00bb50px\u00bb]<\/p>\n<h2>14. OTROS:<\/h2>\n<p>[vc_separator type=\u00bbsmall\u00bb position=\u00bbleft\u00bb up=\u00bb15&#8243; down=\u00bb15&#8243; color=\u00bbb5cd39&#8243; transparency=\u00bb1&#8243; thickness=\u00bb2&#8243;]<\/p>\n<p>El veh\u00edculo objeto de este contrato se encuentra asegurado, seg\u00fan la ley en la comunidad econ\u00f3mica europea, con una franquicia de 600\u20ac para cubrir exclusivamente accidentes en el exterior del veh\u00edculo, no contempl\u00e1ndose el mal uso del mismo.<\/p>\n<p>&nbsp;<\/p>\n<p>En caso de resultar alg\u00fan siniestro durante la vigencia del contrato de alquiler, el arrendatario soportar\u00e1 el citado importe, que desde ahora autoriza a que pueda ser compensado en su caso con la fianza constituida.<\/p>\n<p>&nbsp;<\/p>\n<p>Ser\u00e1n de cuenta exclusiva del arrendatario las responsabilidades civiles que deriven de hechos o circunstancias no contempladas como incluidas en la p\u00f3liza. El arrendatario acepta los t\u00e9rminos y condiciones de la p\u00f3liza del seguro del veh\u00edculo.[\/vc_column_text][\/vc_column][\/vc_row]<\/p>\n<\/div>","protected":false},"excerpt":{"rendered":"<p>[vc_row css_animation=\u00bb\u00bb row_type=\u00bbrow\u00bb use_row_as_full_screen_section=\u00bbno\u00bb type=\u00bbfull_width\u00bb angled_section=\u00bbno\u00bb text_align=\u00bbleft\u00bb background_image_as_pattern=\u00bbwithout_pattern\u00bb][vc_column][vc_separator type=\u00bbnormal\u00bb color=\u00bb#45797d\u00bb thickness=\u00bb10&#8243; up=\u00bb20&#8243; down=\u00bb10&#8243;][vc_column_text] INICIO &gt; CONDICIONES DE CONTRACTACI\u00d3N [\/vc_column_text][\/vc_column][\/vc_row][vc_row css_animation=\u00bb\u00bb row_type=\u00bbrow\u00bb use_row_as_full_screen_section=\u00bbno\u00bb type=\u00bbfull_width\u00bb angled_section=\u00bbno\u00bb text_align=\u00bbleft\u00bb background_image_as_pattern=\u00bbwithout_pattern\u00bb z_index=\u00bb\u00bb padding_top=\u00bb75&#8243; padding_bottom=\u00bb75&#8243; anchor=\u00bbinici\u00bb][vc_column][vc_column_text] CONDICIONES DE CONTRATACI\u00d3N &nbsp; El pago de la reserva de alquiler supone la aceptaci\u00f3n de&hellip; <a class=\"continue\" href=\"https:\/\/www.lacamper.cat\/es\/inicio\/condiciones-de-contractacion\/\">CONTINUAR >><span> CONDICIONES DE CONTRACTACI\u00d3N<\/span><\/a><\/p>\n","protected":false},"author":1,"featured_media":0,"parent":553,"menu_order":0,"comment_status":"closed","ping_status":"open","template":"","meta":{"footnotes":""},"class_list":["post-589","page","type-page","status-publish","hentry"],"_links":{"self":[{"href":"https:\/\/www.lacamper.cat\/es\/wp-json\/wp\/v2\/pages\/589","targetHints":{"allow":["GET"]}}],"collection":[{"href":"https:\/\/www.lacamper.cat\/es\/wp-json\/wp\/v2\/pages"}],"about":[{"href":"https:\/\/www.lacamper.cat\/es\/wp-json\/wp\/v2\/types\/page"}],"author":[{"embeddable":true,"href":"https:\/\/www.lacamper.cat\/es\/wp-json\/wp\/v2\/users\/1"}],"replies":[{"embeddable":true,"href":"https:\/\/www.lacamper.cat\/es\/wp-json\/wp\/v2\/comments?post=589"}],"version-history":[{"count":2,"href":"https:\/\/www.lacamper.cat\/es\/wp-json\/wp\/v2\/pages\/589\/revisions"}],"predecessor-version":[{"id":624,"href":"https:\/\/www.lacamper.cat\/es\/wp-json\/wp\/v2\/pages\/589\/revisions\/624"}],"up":[{"embeddable":true,"href":"https:\/\/www.lacamper.cat\/es\/wp-json\/wp\/v2\/pages\/553"}],"wp:attachment":[{"href":"https:\/\/www.lacamper.cat\/es\/wp-json\/wp\/v2\/media?parent=589"}],"curies":[{"name":"wp","href":"https:\/\/api.w.org\/{rel}","templated":true}]}}